{"id":6132,"date":"2020-08-06T15:21:16","date_gmt":"2020-08-06T15:21:16","guid":{"rendered":"https:\/\/dent360.com.tr\/?page_id=6132"},"modified":"2025-04-14T09:05:26","modified_gmt":"2025-04-14T09:05:26","slug":"about-us","status":"publish","type":"page","link":"https:\/\/baltikdent.com\/en\/about-us\/","title":{"rendered":"About Us"},"content":{"rendered":"[vc_row type=&#8221;in_container&#8221; full_screen_row_position=&#8221;middle&#8221; scene_position=&#8221;center&#8221; text_color=&#8221;dark&#8221; text_align=&#8221;left&#8221; top_padding=&#8221;50&#8243; bottom_padding=&#8221;20&#8243; overlay_strength=&#8221;0.3&#8243; shape_divider_position=&#8221;bottom&#8221; bg_image_animation=&#8221;none&#8221; shape_type=&#8221;&#8221;][vc_column column_padding=&#8221;no-extra-padding&#8221; column_padding_position=&#8221;all&#8221; background_color_opacity=&#8221;1&#8243; background_hover_color_opacity=&#8221;1&#8243; column_link_target=&#8221;_self&#8221; column_shadow=&#8221;none&#8221; column_border_radius=&#8221;none&#8221; width=&#8221;1\/2&#8243; tablet_width_inherit=&#8221;default&#8221; tablet_text_alignment=&#8221;default&#8221; phone_text_alignment=&#8221;default&#8221; column_border_width=&#8221;none&#8221; column_border_style=&#8221;solid&#8221; bg_image_animation=&#8221;none&#8221;][fancy_box box_style=&#8221;color_box_basic&#8221; icon_family=&#8221;iconsmind&#8221; box_color_opacity=&#8221;1&#8243; box_alignment=&#8221;left&#8221; icon_iconsmind=&#8221;iconsmind-Sand-watch2&#8243; min_height=&#8221;400&#8243;]\n<div class=\"column mcb-column one-third column_column column-margin-\">\n<div class=\"column_attr\">\n<h2>ABOUT US<\/h2>\n<p>With more than 15 years of experience and expertise, Balt\u0131k Dent was established in 2021. It continues on its way by following the latest technology closely, without compromising maximum hygiene and material quality, without deviating from human-oriented, ethical values.<br \/>\nIn our polyclinic, we aim to provide personalized solutions to our patients by providing treatment services in the fields of radiology (x-ray), conservative dental treatment (dental filling), implantology, jaw surgery, pedodontics (pediatric treatments), aesthetic dentistry, orthodontics (braces), periodontology (gum treatment), endodontics (root canal treatment).<\/p>\n<\/div>\n<\/div>\n[\/fancy_box][\/vc_column][vc_column column_padding=&#8221;padding-10-percent&#8221; column_padding_position=&#8221;all&#8221; background_color_opacity=&#8221;1&#8243; background_hover_color_opacity=&#8221;1&#8243; background_image=&#8221;7311&#8243; enable_bg_scale=&#8221;true&#8221; column_link_target=&#8221;_self&#8221; column_shadow=&#8221;small_depth&#8221; column_border_radius=&#8221;15px&#8221; el_class=&#8221;hakk-kutu&#8221; width=&#8221;1\/2&#8243; tablet_width_inherit=&#8221;default&#8221; tablet_text_alignment=&#8221;default&#8221; phone_text_alignment=&#8221;default&#8221; column_border_width=&#8221;none&#8221; bg_image_animation=&#8221;none&#8221;][\/vc_column][\/vc_row][vc_row type=&#8221;in_container&#8221; full_screen_row_position=&#8221;middle&#8221; scene_position=&#8221;center&#8221; text_color=&#8221;dark&#8221; text_align=&#8221;left&#8221; overlay_strength=&#8221;0.3&#8243; shape_divider_position=&#8221;bottom&#8221; bg_image_animation=&#8221;none&#8221;][vc_column column_padding=&#8221;no-extra-padding&#8221; column_padding_position=&#8221;all&#8221; background_color_opacity=&#8221;1&#8243; background_hover_color_opacity=&#8221;1&#8243; column_link_target=&#8221;_self&#8221; column_shadow=&#8221;none&#8221; column_border_radius=&#8221;none&#8221; width=&#8221;1\/2&#8243; tablet_width_inherit=&#8221;default&#8221; tablet_text_alignment=&#8221;default&#8221; phone_text_alignment=&#8221;default&#8221; column_border_width=&#8221;none&#8221; column_border_style=&#8221;solid&#8221; bg_image_animation=&#8221;none&#8221;][fancy_box box_style=&#8221;color_box_hover&#8221; icon_family=&#8221;iconsmind&#8221; color=&#8221;extra-color-gradient-1&#8243; box_alignment=&#8221;left&#8221; icon_iconsmind=&#8221;iconsmind-Sand-watch2&#8243;]\n<div class=\"column mcb-column one-third column_column column-margin-\">\n<div class=\"column_attr\">\n<h2>Our Mission<\/h2>\n<p>Our mission is to be a pioneering polyclinic preferred by our patients while continuing to improve our polyclinic and services by closely following the developments in the world in order to be an innovative and international standard dental polyclinic by always improving our service quality.<\/p>\n<\/div>\n<\/div>\n[\/fancy_box][\/vc_column][vc_column column_padding=&#8221;no-extra-padding&#8221; column_padding_position=&#8221;all&#8221; background_color_opacity=&#8221;1&#8243; background_hover_color_opacity=&#8221;1&#8243; column_link_target=&#8221;_self&#8221; column_shadow=&#8221;none&#8221; column_border_radius=&#8221;none&#8221; width=&#8221;1\/2&#8243; tablet_width_inherit=&#8221;default&#8221; tablet_text_alignment=&#8221;default&#8221; phone_text_alignment=&#8221;default&#8221; column_border_width=&#8221;none&#8221; column_border_style=&#8221;solid&#8221; bg_image_animation=&#8221;none&#8221;][fancy_box box_style=&#8221;color_box_hover&#8221; icon_family=&#8221;iconsmind&#8221; color=&#8221;extra-color-gradient-2&#8243; box_alignment=&#8221;left&#8221; icon_iconsmind=&#8221;iconsmind-Sand-watch2&#8243;]\n<div class=\"column mcb-column one-third column_column column-margin-\">\n<div class=\"column_attr\">\n<h2>Our Vision<\/h2>\n<p>By putting the comfort and satisfaction of our patients first, we have adopted the principle of being a polyclinic that works with a professional team spirit and keeps pace with the innovative, modern and developing world. Our vision is to provide a quality, effective and efficient service to our patients with our expert physician staff and employees supported by our in-house training.<\/p>\n<\/div>\n<\/div>\n[\/fancy_box][\/vc_column][\/vc_row][vc_row type=&#8221;in_container&#8221; full_screen_row_position=&#8221;middle&#8221; scene_position=&#8221;center&#8221; text_color=&#8221;dark&#8221; text_align=&#8221;left&#8221; overlay_strength=&#8221;0.3&#8243; shape_divider_position=&#8221;bottom&#8221; bg_image_animation=&#8221;none&#8221;][vc_column column_padding=&#8221;padding-5-percent&#8221; column_padding_position=&#8221;all&#8221; background_color=&#8221;#00a6ed&#8221; background_color_opacity=&#8221;1&#8243; background_hover_color_opacity=&#8221;1&#8243; font_color=&#8221;#ffffff&#8221; column_link_target=&#8221;_self&#8221; column_shadow=&#8221;medium_depth&#8221; column_border_radius=&#8221;20px&#8221; bottom_margin=&#8221;50&#8243; boxed=&#8221;true&#8221; width=&#8221;1\/1&#8243; tablet_width_inherit=&#8221;default&#8221; tablet_text_alignment=&#8221;default&#8221; phone_text_alignment=&#8221;default&#8221; column_border_width=&#8221;none&#8221; bg_image_animation=&#8221;none&#8221;][vc_column_text]\n<h2><span style=\"color: #ffffff;\">WHY BALTIK DENT?<\/span><\/h2>\n<h3><span style=\"color: #ffffff;\">Of course, there is more than one reason why Private Balt\u0131k Dent Oral and Dental Health Polyclinic is so preferred.<\/span><\/h3>\n[\/vc_column_text][\/vc_column][\/vc_row][vc_row type=&#8221;in_container&#8221; full_screen_row_position=&#8221;middle&#8221; scene_position=&#8221;center&#8221; text_color=&#8221;dark&#8221; text_align=&#8221;left&#8221; overlay_strength=&#8221;0.3&#8243; shape_divider_position=&#8221;bottom&#8221; bg_image_animation=&#8221;none&#8221;][vc_column column_padding=&#8221;no-extra-padding&#8221; column_padding_position=&#8221;all&#8221; background_color_opacity=&#8221;1&#8243; background_hover_color_opacity=&#8221;1&#8243; column_link_target=&#8221;_self&#8221; column_shadow=&#8221;none&#8221; column_border_radius=&#8221;none&#8221; width=&#8221;1\/1&#8243; tablet_width_inherit=&#8221;default&#8221; tablet_text_alignment=&#8221;default&#8221; phone_text_alignment=&#8221;default&#8221; column_border_width=&#8221;none&#8221; column_border_style=&#8221;solid&#8221; bg_image_animation=&#8221;none&#8221;][vc_column_text]\n<h2>OUR ADVANTAGES<\/h2>\n[\/vc_column_text][vc_row_inner column_margin=&#8221;default&#8221; text_align=&#8221;left&#8221;][vc_column_inner column_padding=&#8221;no-extra-padding&#8221; column_padding_position=&#8221;all&#8221; background_color_opacity=&#8221;1&#8243; background_hover_color_opacity=&#8221;1&#8243; column_shadow=&#8221;none&#8221; column_border_radius=&#8221;none&#8221; column_link_target=&#8221;_self&#8221; width=&#8221;1\/2&#8243; tablet_width_inherit=&#8221;default&#8221; column_border_width=&#8221;none&#8221; column_border_style=&#8221;solid&#8221; bg_image_animation=&#8221;none&#8221;][vc_column_text]\n<ul>\n<li>Experienced Dentists &amp; Assistants<\/li>\n<li>International Guaranteed and Certified Products<\/li>\n<li>Following Scientific &amp; Technological Developments<\/li>\n<li>Modern Polyclinic and State-of-the-Art Equipment<\/li>\n<\/ul>\n[\/vc_column_text][\/vc_column_inner][vc_column_inner column_padding=&#8221;no-extra-padding&#8221; column_padding_position=&#8221;all&#8221; background_color_opacity=&#8221;1&#8243; background_hover_color_opacity=&#8221;1&#8243; column_shadow=&#8221;none&#8221; column_border_radius=&#8221;none&#8221; column_link_target=&#8221;_self&#8221; width=&#8221;1\/2&#8243; tablet_width_inherit=&#8221;default&#8221; column_border_width=&#8221;none&#8221; column_border_style=&#8221;solid&#8221; bg_image_animation=&#8221;none&#8221;][vc_column_text]\n<div class=\"column mcb-column one-third column_column column-margin-\">\n<div class=\"column_attr\">\n<div class=\"fusion-layout-column fusion_builder_column fusion-builder-column-16 fusion_builder_column_1_2 1_2 fusion-flex-column\">\n<div class=\"fusion-column-wrapper fusion-flex-justify-content-flex-start fusion-content-layout-column\">\n<div class=\"fusion-li-item-content\">\n<ul>\n<li>Complete Polyclinic Equipment<\/li>\n<li>Punctuality &amp; Convenient Scheduling<\/li>\n<li>Affordable Price Guarantee<\/li>\n<\/ul>\n<\/div>\n<\/div>\n<\/div>\n<\/div>\n<\/div>\n[\/vc_column_text][\/vc_column_inner][\/vc_row_inner][\/vc_column][\/vc_row]\n","protected":false},"excerpt":{"rendered":"<p>[vc_row type=&#8221;in_container&#8221; full_screen_row_position=&#8221;middle&#8221; scene_position=&#8221;center&#8221; text_color=&#8221;dark&#8221; text_align=&#8221;left&#8221; top_padding=&#8221;50&#8243; bottom_padding=&#8221;20&#8243; overlay_strength=&#8221;0.3&#8243; shape_divider_position=&#8221;bottom&#8221; bg_image_animation=&#8221;none&#8221; shape_type=&#8221;&#8221;][vc_column column_padding=&#8221;no-extra-padding&#8221; column_padding_position=&#8221;all&#8221; background_color_opacity=&#8221;1&#8243; background_hover_color_opacity=&#8221;1&#8243; column_link_target=&#8221;_self&#8221; column_shadow=&#8221;none&#8221; column_border_radius=&#8221;none&#8221; width=&#8221;1\/2&#8243; tablet_width_inherit=&#8221;default&#8221; tablet_text_alignment=&#8221;default&#8221; phone_text_alignment=&#8221;default&#8221; column_border_width=&#8221;none&#8221; column_border_style=&#8221;solid&#8221;&#8230;<\/p>\n","protected":false},"author":1,"featured_media":7196,"parent":0,"menu_order":15,"comment_status":"closed","ping_status":"closed","template":"","meta":{"footnotes":""},"class_list":["post-6132","page","type-page","status-publish","has-post-thumbnail"],"yoast_head":"\n<title>About Us - Balt\u0131k Dent Esenyurt A\u011f\u0131z ve Di\u015f Sa\u011fl\u0131\u011f\u0131 Poliklini\u011fi<\/title>\n<meta name=\"description\" content=\"Balt\u0131k Dent Esenyurt A\u011f\u0131z ve Di\u015f Sa\u011fl\u0131\u011f\u0131 Poliklini\u011fi, \u0130stanbul\/Esenyurt&#039;ta, Haftan\u0131n 7 g\u00fcn\u00fc, t\u00fcm a\u011f\u0131z ve di\u015f sa\u011fl\u0131\u011f\u0131 bran\u015flar\u0131nda modern ve kaliteli hizmet vermektedir.\" \/>\n<meta name=\"robots\" content=\"index, follow, max-snippet:-1, max-image-preview:large, max-video-preview:-1\" \/>\n<link rel=\"canonical\" href=\"https:\/\/baltikdent.com\/en\/about-us\/\" \/>\n<meta property=\"og:locale\" content=\"tr_TR\" \/>\n<meta property=\"og:type\" content=\"article\" \/>\n<meta property=\"og:title\" content=\"About Us - Balt\u0131k Dent Esenyurt A\u011f\u0131z ve Di\u015f Sa\u011fl\u0131\u011f\u0131 Poliklini\u011fi\" \/>\n<meta property=\"og:description\" content=\"Balt\u0131k Dent Esenyurt A\u011f\u0131z ve Di\u015f Sa\u011fl\u0131\u011f\u0131 Poliklini\u011fi, \u0130stanbul\/Esenyurt&#039;ta, Haftan\u0131n 7 g\u00fcn\u00fc, t\u00fcm a\u011f\u0131z ve di\u015f sa\u011fl\u0131\u011f\u0131 bran\u015flar\u0131nda modern ve kaliteli hizmet vermektedir.\" \/>\n<meta property=\"og:url\" content=\"https:\/\/baltikdent.com\/en\/about-us\/\" \/>\n<meta property=\"og:site_name\" content=\"Balt\u0131k Dent Esenyurt A\u011f\u0131z ve Di\u015f Sa\u011fl\u0131\u011f\u0131 Poliklini\u011fi\" \/>\n<meta property=\"article:publisher\" content=\"https:\/\/www.facebook.com\/baltikdent\/\" \/>\n<meta property=\"article:modified_time\" content=\"2025-04-14T09:05:26+00:00\" \/>\n<meta property=\"og:image\" content=\"https:\/\/baltikdent.com\/en\/wp-content\/uploads\/2022\/03\/5-herkes-dis-implanti-yaptirabilirmi-copy.png\" \/>\n\t<meta property=\"og:image:width\" content=\"1920\" \/>\n\t<meta property=\"og:image:height\" content=\"1080\" \/>\n\t<meta property=\"og:image:type\" content=\"image\/png\" \/>\n<meta name=\"twitter:card\" content=\"summary_large_image\" \/>\n<meta name=\"twitter:label1\" content=\"Tahmini okuma s\u00fcresi\" \/>\n\t<meta name=\"twitter:data1\" content=\"3 dakika\" \/>\n<script type=\"application\/ld+json\" class=\"yoast-schema-graph\">{\"@context\":\"https:\/\/schema.org\",\"@graph\":[{\"@type\":\"WebPage\",\"@id\":\"https:\/\/baltikdent.com\/en\/about-us\/\",\"url\":\"https:\/\/baltikdent.com\/en\/about-us\/\",\"name\":\"About Us - Balt\u0131k Dent Esenyurt A\u011f\u0131z ve Di\u015f Sa\u011fl\u0131\u011f\u0131 Poliklini\u011fi\",\"isPartOf\":{\"@id\":\"https:\/\/baltikdent.com\/en\/#website\"},\"primaryImageOfPage\":{\"@id\":\"https:\/\/baltikdent.com\/en\/about-us\/#primaryimage\"},\"image\":{\"@id\":\"https:\/\/baltikdent.com\/en\/about-us\/#primaryimage\"},\"thumbnailUrl\":\"https:\/\/baltikdent.com\/en\/wp-content\/uploads\/2022\/03\/5-herkes-dis-implanti-yaptirabilirmi-copy.png\",\"datePublished\":\"2020-08-06T15:21:16+00:00\",\"dateModified\":\"2025-04-14T09:05:26+00:00\",\"description\":\"Balt\u0131k Dent Esenyurt A\u011f\u0131z ve Di\u015f Sa\u011fl\u0131\u011f\u0131 Poliklini\u011fi, \u0130stanbul\/Esenyurt'ta, Haftan\u0131n 7 g\u00fcn\u00fc, t\u00fcm a\u011f\u0131z ve di\u015f sa\u011fl\u0131\u011f\u0131 bran\u015flar\u0131nda modern ve kaliteli hizmet vermektedir.\",\"breadcrumb\":{\"@id\":\"https:\/\/baltikdent.com\/en\/about-us\/#breadcrumb\"},\"inLanguage\":\"tr\",\"potentialAction\":[{\"@type\":\"ReadAction\",\"target\":[\"https:\/\/baltikdent.com\/en\/about-us\/\"]}]},{\"@type\":\"ImageObject\",\"inLanguage\":\"tr\",\"@id\":\"https:\/\/baltikdent.com\/en\/about-us\/#primaryimage\",\"url\":\"https:\/\/baltikdent.com\/en\/wp-content\/uploads\/2022\/03\/5-herkes-dis-implanti-yaptirabilirmi-copy.png\",\"contentUrl\":\"https:\/\/baltikdent.com\/en\/wp-content\/uploads\/2022\/03\/5-herkes-dis-implanti-yaptirabilirmi-copy.png\",\"width\":1920,\"height\":1080},{\"@type\":\"BreadcrumbList\",\"@id\":\"https:\/\/baltikdent.com\/en\/about-us\/#breadcrumb\",\"itemListElement\":[{\"@type\":\"ListItem\",\"position\":1,\"name\":\"Anasayfa\",\"item\":\"https:\/\/baltikdent.com\/en\/\"},{\"@type\":\"ListItem\",\"position\":2,\"name\":\"About Us\"}]},{\"@type\":\"WebSite\",\"@id\":\"https:\/\/baltikdent.com\/en\/#website\",\"url\":\"https:\/\/baltikdent.com\/en\/\",\"name\":\"Balt\u0131k Dent Esenyurt A\u011f\u0131z ve Di\u015f Sa\u011fl\u0131\u011f\u0131 Poliklini\u011fi\",\"description\":\"Balt\u0131k Dent Esenyurt A\u011f\u0131z ve Di\u015f Sa\u011fl\u0131\u011f\u0131 Poliklini\u011fi\",\"publisher\":{\"@id\":\"https:\/\/baltikdent.com\/en\/#organization\"},\"potentialAction\":[{\"@type\":\"SearchAction\",\"target\":{\"@type\":\"EntryPoint\",\"urlTemplate\":\"https:\/\/baltikdent.com\/en\/?s={search_term_string}\"},\"query-input\":{\"@type\":\"PropertyValueSpecification\",\"valueRequired\":true,\"valueName\":\"search_term_string\"}}],\"inLanguage\":\"tr\"},{\"@type\":\"Organization\",\"@id\":\"https:\/\/baltikdent.com\/en\/#organization\",\"name\":\"Balt\u0131k Dent Esenyurt A\u011f\u0131z ve Di\u015f Sa\u011fl\u0131\u011f\u0131 Poliklini\u011fi\",\"url\":\"https:\/\/baltikdent.com\/en\/\",\"logo\":{\"@type\":\"ImageObject\",\"inLanguage\":\"tr\",\"@id\":\"https:\/\/baltikdent.com\/en\/#\/schema\/logo\/image\/\",\"url\":\"https:\/\/baltikdent.com\/en\/wp-content\/uploads\/2023\/02\/baltikdent.jpeg\",\"contentUrl\":\"https:\/\/baltikdent.com\/en\/wp-content\/uploads\/2023\/02\/baltikdent.jpeg\",\"width\":1600,\"height\":1341,\"caption\":\"Balt\u0131k Dent Esenyurt A\u011f\u0131z ve Di\u015f Sa\u011fl\u0131\u011f\u0131 Poliklini\u011fi\"},\"image\":{\"@id\":\"https:\/\/baltikdent.com\/en\/#\/schema\/logo\/image\/\"},\"sameAs\":[\"https:\/\/www.facebook.com\/baltikdent\/\",\"https:\/\/www.instagram.com\/baltikdent\/\"]}]}<\/script>\n","yoast_head_json":{"title":"About Us - Balt\u0131k Dent Esenyurt A\u011f\u0131z ve Di\u015f Sa\u011fl\u0131\u011f\u0131 Poliklini\u011fi","description":"Balt\u0131k Dent Esenyurt A\u011f\u0131z ve Di\u015f Sa\u011fl\u0131\u011f\u0131 Poliklini\u011fi, \u0130stanbul\/Esenyurt'ta, Haftan\u0131n 7 g\u00fcn\u00fc, t\u00fcm a\u011f\u0131z ve di\u015f sa\u011fl\u0131\u011f\u0131 bran\u015flar\u0131nda modern ve kaliteli hizmet vermektedir.","robots":{"index":"index","follow":"follow","max-snippet":"max-snippet:-1","max-image-preview":"max-image-preview:large","max-video-preview":"max-video-preview:-1"},"canonical":"https:\/\/baltikdent.com\/en\/about-us\/","og_locale":"tr_TR","og_type":"article","og_title":"About Us - Balt\u0131k Dent Esenyurt A\u011f\u0131z ve Di\u015f Sa\u011fl\u0131\u011f\u0131 Poliklini\u011fi","og_description":"Balt\u0131k Dent Esenyurt A\u011f\u0131z ve Di\u015f Sa\u011fl\u0131\u011f\u0131 Poliklini\u011fi, \u0130stanbul\/Esenyurt'ta, Haftan\u0131n 7 g\u00fcn\u00fc, t\u00fcm a\u011f\u0131z ve di\u015f sa\u011fl\u0131\u011f\u0131 bran\u015flar\u0131nda modern ve kaliteli hizmet vermektedir.","og_url":"https:\/\/baltikdent.com\/en\/about-us\/","og_site_name":"Balt\u0131k Dent Esenyurt A\u011f\u0131z ve Di\u015f Sa\u011fl\u0131\u011f\u0131 Poliklini\u011fi","article_publisher":"https:\/\/www.facebook.com\/baltikdent\/","article_modified_time":"2025-04-14T09:05:26+00:00","og_image":[{"width":1920,"height":1080,"url":"https:\/\/baltikdent.com\/en\/wp-content\/uploads\/2022\/03\/5-herkes-dis-implanti-yaptirabilirmi-copy.png","type":"image\/png"}],"twitter_card":"summary_large_image","twitter_misc":{"Tahmini okuma s\u00fcresi":"3 dakika"},"schema":{"@context":"https:\/\/schema.org","@graph":[{"@type":"WebPage","@id":"https:\/\/baltikdent.com\/en\/about-us\/","url":"https:\/\/baltikdent.com\/en\/about-us\/","name":"About Us - Balt\u0131k Dent Esenyurt A\u011f\u0131z ve Di\u015f Sa\u011fl\u0131\u011f\u0131 Poliklini\u011fi","isPartOf":{"@id":"https:\/\/baltikdent.com\/en\/#website"},"primaryImageOfPage":{"@id":"https:\/\/baltikdent.com\/en\/about-us\/#primaryimage"},"image":{"@id":"https:\/\/baltikdent.com\/en\/about-us\/#primaryimage"},"thumbnailUrl":"https:\/\/baltikdent.com\/en\/wp-content\/uploads\/2022\/03\/5-herkes-dis-implanti-yaptirabilirmi-copy.png","datePublished":"2020-08-06T15:21:16+00:00","dateModified":"2025-04-14T09:05:26+00:00","description":"Balt\u0131k Dent Esenyurt A\u011f\u0131z ve Di\u015f Sa\u011fl\u0131\u011f\u0131 Poliklini\u011fi, \u0130stanbul\/Esenyurt'ta, Haftan\u0131n 7 g\u00fcn\u00fc, t\u00fcm a\u011f\u0131z ve di\u015f sa\u011fl\u0131\u011f\u0131 bran\u015flar\u0131nda modern ve kaliteli hizmet vermektedir.","breadcrumb":{"@id":"https:\/\/baltikdent.com\/en\/about-us\/#breadcrumb"},"inLanguage":"tr","potentialAction":[{"@type":"ReadAction","target":["https:\/\/baltikdent.com\/en\/about-us\/"]}]},{"@type":"ImageObject","inLanguage":"tr","@id":"https:\/\/baltikdent.com\/en\/about-us\/#primaryimage","url":"https:\/\/baltikdent.com\/en\/wp-content\/uploads\/2022\/03\/5-herkes-dis-implanti-yaptirabilirmi-copy.png","contentUrl":"https:\/\/baltikdent.com\/en\/wp-content\/uploads\/2022\/03\/5-herkes-dis-implanti-yaptirabilirmi-copy.png","width":1920,"height":1080},{"@type":"BreadcrumbList","@id":"https:\/\/baltikdent.com\/en\/about-us\/#breadcrumb","itemListElement":[{"@type":"ListItem","position":1,"name":"Anasayfa","item":"https:\/\/baltikdent.com\/en\/"},{"@type":"ListItem","position":2,"name":"About Us"}]},{"@type":"WebSite","@id":"https:\/\/baltikdent.com\/en\/#website","url":"https:\/\/baltikdent.com\/en\/","name":"Balt\u0131k Dent Esenyurt A\u011f\u0131z ve Di\u015f Sa\u011fl\u0131\u011f\u0131 Poliklini\u011fi","description":"Balt\u0131k Dent Esenyurt A\u011f\u0131z ve Di\u015f Sa\u011fl\u0131\u011f\u0131 Poliklini\u011fi","publisher":{"@id":"https:\/\/baltikdent.com\/en\/#organization"},"potentialAction":[{"@type":"SearchAction","target":{"@type":"EntryPoint","urlTemplate":"https:\/\/baltikdent.com\/en\/?s={search_term_string}"},"query-input":{"@type":"PropertyValueSpecification","valueRequired":true,"valueName":"search_term_string"}}],"inLanguage":"tr"},{"@type":"Organization","@id":"https:\/\/baltikdent.com\/en\/#organization","name":"Balt\u0131k Dent Esenyurt A\u011f\u0131z ve Di\u015f Sa\u011fl\u0131\u011f\u0131 Poliklini\u011fi","url":"https:\/\/baltikdent.com\/en\/","logo":{"@type":"ImageObject","inLanguage":"tr","@id":"https:\/\/baltikdent.com\/en\/#\/schema\/logo\/image\/","url":"https:\/\/baltikdent.com\/en\/wp-content\/uploads\/2023\/02\/baltikdent.jpeg","contentUrl":"https:\/\/baltikdent.com\/en\/wp-content\/uploads\/2023\/02\/baltikdent.jpeg","width":1600,"height":1341,"caption":"Balt\u0131k Dent Esenyurt A\u011f\u0131z ve Di\u015f Sa\u011fl\u0131\u011f\u0131 Poliklini\u011fi"},"image":{"@id":"https:\/\/baltikdent.com\/en\/#\/schema\/logo\/image\/"},"sameAs":["https:\/\/www.facebook.com\/baltikdent\/","https:\/\/www.instagram.com\/baltikdent\/"]}]}},"_links":{"self":[{"href":"https:\/\/baltikdent.com\/en\/wp-json\/wp\/v2\/pages\/6132","targetHints":{"allow":["GET"]}}],"collection":[{"href":"https:\/\/baltikdent.com\/en\/wp-json\/wp\/v2\/pages"}],"about":[{"href":"https:\/\/baltikdent.com\/en\/wp-json\/wp\/v2\/types\/page"}],"author":[{"embeddable":true,"href":"https:\/\/baltikdent.com\/en\/wp-json\/wp\/v2\/users\/1"}],"replies":[{"embeddable":true,"href":"https:\/\/baltikdent.com\/en\/wp-json\/wp\/v2\/comments?post=6132"}],"version-history":[{"count":36,"href":"https:\/\/baltikdent.com\/en\/wp-json\/wp\/v2\/pages\/6132\/revisions"}],"predecessor-version":[{"id":7535,"href":"https:\/\/baltikdent.com\/en\/wp-json\/wp\/v2\/pages\/6132\/revisions\/7535"}],"wp:featuredmedia":[{"embeddable":true,"href":"https:\/\/baltikdent.com\/en\/wp-json\/wp\/v2\/media\/7196"}],"wp:attachment":[{"href":"https:\/\/baltikdent.com\/en\/wp-json\/wp\/v2\/media?parent=6132"}],"curies":[{"name":"wp","href":"https:\/\/api.w.org\/{rel}","templated":true}]}}