{"id":6138,"date":"2020-08-06T15:26:59","date_gmt":"2020-08-06T15:26:59","guid":{"rendered":"https:\/\/dent360.com.tr\/?page_id=6138"},"modified":"2025-04-03T15:32:49","modified_gmt":"2025-04-03T15:32:49","slug":"contracted-institutions","status":"publish","type":"page","link":"https:\/\/baltikdent.com\/en\/contracted-institutions\/","title":{"rendered":"Contracted Institutions"},"content":{"rendered":"[vc_row type=&#8221;in_container&#8221; full_screen_row_position=&#8221;middle&#8221; scene_position=&#8221;center&#8221; text_color=&#8221;dark&#8221; text_align=&#8221;left&#8221; top_padding=&#8221;50&#8243; bottom_padding=&#8221;100&#8243; overlay_strength=&#8221;0.3&#8243; shape_divider_position=&#8221;bottom&#8221; bg_image_animation=&#8221;none&#8221; shape_type=&#8221;&#8221;][vc_column column_padding=&#8221;no-extra-padding&#8221; column_padding_position=&#8221;all&#8221; background_color_opacity=&#8221;1&#8243; background_hover_color_opacity=&#8221;1&#8243; column_link_target=&#8221;_self&#8221; column_shadow=&#8221;none&#8221; column_border_radius=&#8221;none&#8221; width=&#8221;1\/1&#8243; tablet_width_inherit=&#8221;default&#8221; tablet_text_alignment=&#8221;default&#8221; phone_text_alignment=&#8221;default&#8221; column_border_width=&#8221;none&#8221; column_border_style=&#8221;solid&#8221; bg_image_animation=&#8221;none&#8221;][vc_gallery type=&#8221;image_grid&#8221; images=&#8221;7446,7447,7448,7449,7450,7451,7452,7453&#8243; layout=&#8221;4&#8243; item_spacing=&#8221;default&#8221; gallery_style=&#8221;7&#8243; load_in_animation=&#8221;none&#8221; img_size=&#8221;full&#8221;][\/vc_column][\/vc_row]\n","protected":false},"excerpt":{"rendered":"<p>[vc_row type=&#8221;in_container&#8221; full_screen_row_position=&#8221;middle&#8221; scene_position=&#8221;center&#8221; text_color=&#8221;dark&#8221; text_align=&#8221;left&#8221; top_padding=&#8221;50&#8243; bottom_padding=&#8221;100&#8243; overlay_strength=&#8221;0.3&#8243; shape_divider_position=&#8221;bottom&#8221; bg_image_animation=&#8221;none&#8221; shape_type=&#8221;&#8221;][vc_column column_padding=&#8221;no-extra-padding&#8221; column_padding_position=&#8221;all&#8221; background_color_opacity=&#8221;1&#8243; background_hover_color_opacity=&#8221;1&#8243; column_link_target=&#8221;_self&#8221; column_shadow=&#8221;none&#8221; column_border_radius=&#8221;none&#8221; width=&#8221;1\/1&#8243; tablet_width_inherit=&#8221;default&#8221; tablet_text_alignment=&#8221;default&#8221; phone_text_alignment=&#8221;default&#8221; column_border_width=&#8221;none&#8221; column_border_style=&#8221;solid&#8221;&#8230;<\/p>\n","protected":false},"author":1,"featured_media":7188,"parent":0,"menu_order":12,"comment_status":"closed","ping_status":"closed","template":"","meta":{"footnotes":""},"class_list":["post-6138","page","type-page","status-publish","has-post-thumbnail"],"yoast_head":"\n<title>Contracted Institutions - Balt\u0131k Dent Esenyurt A\u011f\u0131z ve Di\u015f Sa\u011fl\u0131\u011f\u0131 Poliklini\u011fi<\/title>\n<meta name=\"description\" content=\"Balt\u0131k Dent Esenyurt A\u011f\u0131z ve Di\u015f Sa\u011fl\u0131\u011f\u0131 Poliklini\u011fi, \u0130stanbul\/Esenyurt&#039;ta, Haftan\u0131n 7 g\u00fcn\u00fc, t\u00fcm a\u011f\u0131z ve di\u015f sa\u011fl\u0131\u011f\u0131 bran\u015flar\u0131nda modern ve kaliteli hizmet vermektedir.\" \/>\n<meta name=\"robots\" content=\"index, follow, max-snippet:-1, max-image-preview:large, max-video-preview:-1\" \/>\n<link rel=\"canonical\" href=\"https:\/\/baltikdent.com\/en\/contracted-institutions\/\" \/>\n<meta property=\"og:locale\" content=\"tr_TR\" \/>\n<meta property=\"og:type\" content=\"article\" \/>\n<meta property=\"og:title\" content=\"Contracted Institutions - Balt\u0131k Dent Esenyurt A\u011f\u0131z ve Di\u015f Sa\u011fl\u0131\u011f\u0131 Poliklini\u011fi\" \/>\n<meta property=\"og:description\" content=\"Balt\u0131k Dent Esenyurt A\u011f\u0131z ve Di\u015f Sa\u011fl\u0131\u011f\u0131 Poliklini\u011fi, \u0130stanbul\/Esenyurt&#039;ta, Haftan\u0131n 7 g\u00fcn\u00fc, t\u00fcm a\u011f\u0131z ve di\u015f sa\u011fl\u0131\u011f\u0131 bran\u015flar\u0131nda modern ve kaliteli hizmet vermektedir.\" \/>\n<meta property=\"og:url\" content=\"https:\/\/baltikdent.com\/en\/contracted-institutions\/\" \/>\n<meta property=\"og:site_name\" content=\"Balt\u0131k Dent Esenyurt A\u011f\u0131z ve Di\u015f Sa\u011fl\u0131\u011f\u0131 Poliklini\u011fi\" \/>\n<meta property=\"article:publisher\" content=\"https:\/\/www.facebook.com\/baltikdent\/\" \/>\n<meta property=\"article:modified_time\" content=\"2025-04-03T15:32:49+00:00\" \/>\n<meta property=\"og:image\" content=\"https:\/\/baltikdent.com\/en\/wp-content\/uploads\/2022\/03\/implant-nedir.png\" \/>\n\t<meta property=\"og:image:width\" content=\"1920\" \/>\n\t<meta property=\"og:image:height\" content=\"1080\" \/>\n\t<meta property=\"og:image:type\" content=\"image\/png\" \/>\n<meta name=\"twitter:card\" content=\"summary_large_image\" \/>\n<meta name=\"twitter:label1\" content=\"Tahmini okuma s\u00fcresi\" \/>\n\t<meta name=\"twitter:data1\" content=\"1 dakika\" \/>\n<script type=\"application\/ld+json\" class=\"yoast-schema-graph\">{\"@context\":\"https:\/\/schema.org\",\"@graph\":[{\"@type\":\"WebPage\",\"@id\":\"https:\/\/baltikdent.com\/en\/contracted-institutions\/\",\"url\":\"https:\/\/baltikdent.com\/en\/contracted-institutions\/\",\"name\":\"Contracted Institutions - Balt\u0131k Dent Esenyurt A\u011f\u0131z ve Di\u015f Sa\u011fl\u0131\u011f\u0131 Poliklini\u011fi\",\"isPartOf\":{\"@id\":\"https:\/\/baltikdent.com\/en\/#website\"},\"primaryImageOfPage\":{\"@id\":\"https:\/\/baltikdent.com\/en\/contracted-institutions\/#primaryimage\"},\"image\":{\"@id\":\"https:\/\/baltikdent.com\/en\/contracted-institutions\/#primaryimage\"},\"thumbnailUrl\":\"https:\/\/baltikdent.com\/en\/wp-content\/uploads\/2022\/03\/implant-nedir.png\",\"datePublished\":\"2020-08-06T15:26:59+00:00\",\"dateModified\":\"2025-04-03T15:32:49+00:00\",\"description\":\"Balt\u0131k Dent Esenyurt A\u011f\u0131z ve Di\u015f Sa\u011fl\u0131\u011f\u0131 Poliklini\u011fi, \u0130stanbul\/Esenyurt'ta, Haftan\u0131n 7 g\u00fcn\u00fc, t\u00fcm a\u011f\u0131z ve di\u015f sa\u011fl\u0131\u011f\u0131 bran\u015flar\u0131nda modern ve kaliteli hizmet vermektedir.\",\"breadcrumb\":{\"@id\":\"https:\/\/baltikdent.com\/en\/contracted-institutions\/#breadcrumb\"},\"inLanguage\":\"tr\",\"potentialAction\":[{\"@type\":\"ReadAction\",\"target\":[\"https:\/\/baltikdent.com\/en\/contracted-institutions\/\"]}]},{\"@type\":\"ImageObject\",\"inLanguage\":\"tr\",\"@id\":\"https:\/\/baltikdent.com\/en\/contracted-institutions\/#primaryimage\",\"url\":\"https:\/\/baltikdent.com\/en\/wp-content\/uploads\/2022\/03\/implant-nedir.png\",\"contentUrl\":\"https:\/\/baltikdent.com\/en\/wp-content\/uploads\/2022\/03\/implant-nedir.png\",\"width\":1920,\"height\":1080},{\"@type\":\"BreadcrumbList\",\"@id\":\"https:\/\/baltikdent.com\/en\/contracted-institutions\/#breadcrumb\",\"itemListElement\":[{\"@type\":\"ListItem\",\"position\":1,\"name\":\"Anasayfa\",\"item\":\"https:\/\/baltikdent.com\/en\/\"},{\"@type\":\"ListItem\",\"position\":2,\"name\":\"Contracted Institutions\"}]},{\"@type\":\"WebSite\",\"@id\":\"https:\/\/baltikdent.com\/en\/#website\",\"url\":\"https:\/\/baltikdent.com\/en\/\",\"name\":\"Balt\u0131k Dent Esenyurt A\u011f\u0131z ve Di\u015f Sa\u011fl\u0131\u011f\u0131 Poliklini\u011fi\",\"description\":\"Balt\u0131k Dent Esenyurt A\u011f\u0131z ve Di\u015f Sa\u011fl\u0131\u011f\u0131 Poliklini\u011fi\",\"publisher\":{\"@id\":\"https:\/\/baltikdent.com\/en\/#organization\"},\"potentialAction\":[{\"@type\":\"SearchAction\",\"target\":{\"@type\":\"EntryPoint\",\"urlTemplate\":\"https:\/\/baltikdent.com\/en\/?s={search_term_string}\"},\"query-input\":{\"@type\":\"PropertyValueSpecification\",\"valueRequired\":true,\"valueName\":\"search_term_string\"}}],\"inLanguage\":\"tr\"},{\"@type\":\"Organization\",\"@id\":\"https:\/\/baltikdent.com\/en\/#organization\",\"name\":\"Balt\u0131k Dent Esenyurt A\u011f\u0131z ve Di\u015f Sa\u011fl\u0131\u011f\u0131 Poliklini\u011fi\",\"url\":\"https:\/\/baltikdent.com\/en\/\",\"logo\":{\"@type\":\"ImageObject\",\"inLanguage\":\"tr\",\"@id\":\"https:\/\/baltikdent.com\/en\/#\/schema\/logo\/image\/\",\"url\":\"https:\/\/baltikdent.com\/en\/wp-content\/uploads\/2023\/02\/baltikdent.jpeg\",\"contentUrl\":\"https:\/\/baltikdent.com\/en\/wp-content\/uploads\/2023\/02\/baltikdent.jpeg\",\"width\":1600,\"height\":1341,\"caption\":\"Balt\u0131k Dent Esenyurt A\u011f\u0131z ve Di\u015f Sa\u011fl\u0131\u011f\u0131 Poliklini\u011fi\"},\"image\":{\"@id\":\"https:\/\/baltikdent.com\/en\/#\/schema\/logo\/image\/\"},\"sameAs\":[\"https:\/\/www.facebook.com\/baltikdent\/\",\"https:\/\/www.instagram.com\/baltikdent\/\"]}]}<\/script>\n","yoast_head_json":{"title":"Contracted Institutions - Balt\u0131k Dent Esenyurt A\u011f\u0131z ve Di\u015f Sa\u011fl\u0131\u011f\u0131 Poliklini\u011fi","description":"Balt\u0131k Dent Esenyurt A\u011f\u0131z ve Di\u015f Sa\u011fl\u0131\u011f\u0131 Poliklini\u011fi, \u0130stanbul\/Esenyurt'ta, Haftan\u0131n 7 g\u00fcn\u00fc, t\u00fcm a\u011f\u0131z ve di\u015f sa\u011fl\u0131\u011f\u0131 bran\u015flar\u0131nda modern ve kaliteli hizmet vermektedir.","robots":{"index":"index","follow":"follow","max-snippet":"max-snippet:-1","max-image-preview":"max-image-preview:large","max-video-preview":"max-video-preview:-1"},"canonical":"https:\/\/baltikdent.com\/en\/contracted-institutions\/","og_locale":"tr_TR","og_type":"article","og_title":"Contracted Institutions - Balt\u0131k Dent Esenyurt A\u011f\u0131z ve Di\u015f Sa\u011fl\u0131\u011f\u0131 Poliklini\u011fi","og_description":"Balt\u0131k Dent Esenyurt A\u011f\u0131z ve Di\u015f Sa\u011fl\u0131\u011f\u0131 Poliklini\u011fi, \u0130stanbul\/Esenyurt'ta, Haftan\u0131n 7 g\u00fcn\u00fc, t\u00fcm a\u011f\u0131z ve di\u015f sa\u011fl\u0131\u011f\u0131 bran\u015flar\u0131nda modern ve kaliteli hizmet vermektedir.","og_url":"https:\/\/baltikdent.com\/en\/contracted-institutions\/","og_site_name":"Balt\u0131k Dent Esenyurt A\u011f\u0131z ve Di\u015f Sa\u011fl\u0131\u011f\u0131 Poliklini\u011fi","article_publisher":"https:\/\/www.facebook.com\/baltikdent\/","article_modified_time":"2025-04-03T15:32:49+00:00","og_image":[{"width":1920,"height":1080,"url":"https:\/\/baltikdent.com\/en\/wp-content\/uploads\/2022\/03\/implant-nedir.png","type":"image\/png"}],"twitter_card":"summary_large_image","twitter_misc":{"Tahmini okuma s\u00fcresi":"1 dakika"},"schema":{"@context":"https:\/\/schema.org","@graph":[{"@type":"WebPage","@id":"https:\/\/baltikdent.com\/en\/contracted-institutions\/","url":"https:\/\/baltikdent.com\/en\/contracted-institutions\/","name":"Contracted Institutions - Balt\u0131k Dent Esenyurt A\u011f\u0131z ve Di\u015f Sa\u011fl\u0131\u011f\u0131 Poliklini\u011fi","isPartOf":{"@id":"https:\/\/baltikdent.com\/en\/#website"},"primaryImageOfPage":{"@id":"https:\/\/baltikdent.com\/en\/contracted-institutions\/#primaryimage"},"image":{"@id":"https:\/\/baltikdent.com\/en\/contracted-institutions\/#primaryimage"},"thumbnailUrl":"https:\/\/baltikdent.com\/en\/wp-content\/uploads\/2022\/03\/implant-nedir.png","datePublished":"2020-08-06T15:26:59+00:00","dateModified":"2025-04-03T15:32:49+00:00","description":"Balt\u0131k Dent Esenyurt A\u011f\u0131z ve Di\u015f Sa\u011fl\u0131\u011f\u0131 Poliklini\u011fi, \u0130stanbul\/Esenyurt'ta, Haftan\u0131n 7 g\u00fcn\u00fc, t\u00fcm a\u011f\u0131z ve di\u015f sa\u011fl\u0131\u011f\u0131 bran\u015flar\u0131nda modern ve kaliteli hizmet vermektedir.","breadcrumb":{"@id":"https:\/\/baltikdent.com\/en\/contracted-institutions\/#breadcrumb"},"inLanguage":"tr","potentialAction":[{"@type":"ReadAction","target":["https:\/\/baltikdent.com\/en\/contracted-institutions\/"]}]},{"@type":"ImageObject","inLanguage":"tr","@id":"https:\/\/baltikdent.com\/en\/contracted-institutions\/#primaryimage","url":"https:\/\/baltikdent.com\/en\/wp-content\/uploads\/2022\/03\/implant-nedir.png","contentUrl":"https:\/\/baltikdent.com\/en\/wp-content\/uploads\/2022\/03\/implant-nedir.png","width":1920,"height":1080},{"@type":"BreadcrumbList","@id":"https:\/\/baltikdent.com\/en\/contracted-institutions\/#breadcrumb","itemListElement":[{"@type":"ListItem","position":1,"name":"Anasayfa","item":"https:\/\/baltikdent.com\/en\/"},{"@type":"ListItem","position":2,"name":"Contracted Institutions"}]},{"@type":"WebSite","@id":"https:\/\/baltikdent.com\/en\/#website","url":"https:\/\/baltikdent.com\/en\/","name":"Balt\u0131k Dent Esenyurt A\u011f\u0131z ve Di\u015f Sa\u011fl\u0131\u011f\u0131 Poliklini\u011fi","description":"Balt\u0131k Dent Esenyurt A\u011f\u0131z ve Di\u015f Sa\u011fl\u0131\u011f\u0131 Poliklini\u011fi","publisher":{"@id":"https:\/\/baltikdent.com\/en\/#organization"},"potentialAction":[{"@type":"SearchAction","target":{"@type":"EntryPoint","urlTemplate":"https:\/\/baltikdent.com\/en\/?s={search_term_string}"},"query-input":{"@type":"PropertyValueSpecification","valueRequired":true,"valueName":"search_term_string"}}],"inLanguage":"tr"},{"@type":"Organization","@id":"https:\/\/baltikdent.com\/en\/#organization","name":"Balt\u0131k Dent Esenyurt A\u011f\u0131z ve Di\u015f Sa\u011fl\u0131\u011f\u0131 Poliklini\u011fi","url":"https:\/\/baltikdent.com\/en\/","logo":{"@type":"ImageObject","inLanguage":"tr","@id":"https:\/\/baltikdent.com\/en\/#\/schema\/logo\/image\/","url":"https:\/\/baltikdent.com\/en\/wp-content\/uploads\/2023\/02\/baltikdent.jpeg","contentUrl":"https:\/\/baltikdent.com\/en\/wp-content\/uploads\/2023\/02\/baltikdent.jpeg","width":1600,"height":1341,"caption":"Balt\u0131k Dent Esenyurt A\u011f\u0131z ve Di\u015f Sa\u011fl\u0131\u011f\u0131 Poliklini\u011fi"},"image":{"@id":"https:\/\/baltikdent.com\/en\/#\/schema\/logo\/image\/"},"sameAs":["https:\/\/www.facebook.com\/baltikdent\/","https:\/\/www.instagram.com\/baltikdent\/"]}]}},"_links":{"self":[{"href":"https:\/\/baltikdent.com\/en\/wp-json\/wp\/v2\/pages\/6138","targetHints":{"allow":["GET"]}}],"collection":[{"href":"https:\/\/baltikdent.com\/en\/wp-json\/wp\/v2\/pages"}],"about":[{"href":"https:\/\/baltikdent.com\/en\/wp-json\/wp\/v2\/types\/page"}],"author":[{"embeddable":true,"href":"https:\/\/baltikdent.com\/en\/wp-json\/wp\/v2\/users\/1"}],"replies":[{"embeddable":true,"href":"https:\/\/baltikdent.com\/en\/wp-json\/wp\/v2\/comments?post=6138"}],"version-history":[{"count":10,"href":"https:\/\/baltikdent.com\/en\/wp-json\/wp\/v2\/pages\/6138\/revisions"}],"predecessor-version":[{"id":7491,"href":"https:\/\/baltikdent.com\/en\/wp-json\/wp\/v2\/pages\/6138\/revisions\/7491"}],"wp:featuredmedia":[{"embeddable":true,"href":"https:\/\/baltikdent.com\/en\/wp-json\/wp\/v2\/media\/7188"}],"wp:attachment":[{"href":"https:\/\/baltikdent.com\/en\/wp-json\/wp\/v2\/media?parent=6138"}],"curies":[{"name":"wp","href":"https:\/\/api.w.org\/{rel}","templated":true}]}}